{"id":84,"date":"2025-07-20T18:42:16","date_gmt":"2025-07-20T18:42:16","guid":{"rendered":"http:\/\/imobalmo.pt\/?page_id=84"},"modified":"2025-07-20T23:04:05","modified_gmt":"2025-07-20T23:04:05","slug":"casa-de-baixo","status":"publish","type":"page","link":"https:\/\/imobalmo.pt\/?page_id=84","title":{"rendered":"Casa de Baixo"},"content":{"rendered":"\n<p style=\"font-size:13px\">Apresentamos-lhe esta elegante moradia T3 de r\u00e9s do ch\u00e3o, inserida num ambiente tranquilo e rodeado pela serenidade da natureza \u2014 o equil\u00edbrio perfeito entre conforto moderno e qualidade de vida.<br><br>Com uma arquitetura contempor\u00e2nea e linhas limpas, esta casa foi pensada para oferecer funcionalidade, luminosidade e liga\u00e7\u00e3o ao exterior, privilegiando a viv\u00eancia dos espa\u00e7os de forma pr\u00e1tica e acolhedora. A \u00e1rea social \u00e9 ampla e fluida, com sala e cozinha em open space, permitindo uma conviv\u00eancia natural entre fam\u00edlia e amigos.<\/p>\n\n\n\n<p style=\"font-size:13px\">Os tr\u00eas quartos oferecem privacidade e conforto, sendo que a suite principal inclui casa de banho privativa e generoso espa\u00e7o de arruma\u00e7\u00e3o. Todos os compartimentos beneficiam de \u00f3tima exposi\u00e7\u00e3o solar e liga\u00e7\u00e3o ao exterior, proporcionando uma experi\u00eancia de habita\u00e7\u00e3o voltada para o bem-estar.<\/p>\n\n\n\n<p style=\"font-size:13px\">Localizada numa zona sossegada e verde, esta moradia \u00e9 ideal para quem procura fugir \u00e0 agita\u00e7\u00e3o urbana, sem abdicar da proximidade a servi\u00e7os essenciais.<\/p>\n\n\n\n<p style=\"font-size:13px\">Combinando est\u00e9tica moderna, constru\u00e7\u00e3o eficiente e envolv\u00eancia natural, esta \u00e9 uma casa pensada para quem valoriza a tranquilidade, a qualidade e o estilo de vida contempor\u00e2neo.<\/p>\n\n\n\n<figure class=\"wp-block-gallery has-nested-images columns-default is-cropped wp-block-gallery-1 is-layout-flex wp-block-gallery-is-layout-flex\">\n<figure class=\"wp-block-image size-large\"><img fetchpriority=\"high\" decoding=\"async\" width=\"1024\" height=\"576\" data-id=\"88\" src=\"http:\/\/imobalmo.pt\/wp-content\/uploads\/2025\/07\/1096-MORADIA-2-01-1-1024x576.jpg\" alt=\"\" class=\"wp-image-88\" srcset=\"https:\/\/imobalmo.pt\/wp-content\/uploads\/2025\/07\/1096-MORADIA-2-01-1-1024x576.jpg 1024w, https:\/\/imobalmo.pt\/wp-content\/uploads\/2025\/07\/1096-MORADIA-2-01-1-300x169.jpg 300w, https:\/\/imobalmo.pt\/wp-content\/uploads\/2025\/07\/1096-MORADIA-2-01-1-768x432.jpg 768w, https:\/\/imobalmo.pt\/wp-content\/uploads\/2025\/07\/1096-MORADIA-2-01-1-1536x864.jpg 1536w, https:\/\/imobalmo.pt\/wp-content\/uploads\/2025\/07\/1096-MORADIA-2-01-1-2048x1152.jpg 2048w\" sizes=\"(max-width: 1024px) 100vw, 1024px\" \/><\/figure>\n\n\n\n<figure class=\"wp-block-image size-large\"><img decoding=\"async\" width=\"1024\" height=\"576\" data-id=\"92\" src=\"http:\/\/imobalmo.pt\/wp-content\/uploads\/2025\/07\/1096-MORADIA-2-02-1-1024x576.jpg\" alt=\"\" class=\"wp-image-92\" srcset=\"https:\/\/imobalmo.pt\/wp-content\/uploads\/2025\/07\/1096-MORADIA-2-02-1-1024x576.jpg 1024w, https:\/\/imobalmo.pt\/wp-content\/uploads\/2025\/07\/1096-MORADIA-2-02-1-300x169.jpg 300w, https:\/\/imobalmo.pt\/wp-content\/uploads\/2025\/07\/1096-MORADIA-2-02-1-768x432.jpg 768w, https:\/\/imobalmo.pt\/wp-content\/uploads\/2025\/07\/1096-MORADIA-2-02-1-1536x864.jpg 1536w, https:\/\/imobalmo.pt\/wp-content\/uploads\/2025\/07\/1096-MORADIA-2-02-1-2048x1152.jpg 2048w\" sizes=\"(max-width: 1024px) 100vw, 1024px\" \/><\/figure>\n\n\n\n<figure class=\"wp-block-image size-large\"><img decoding=\"async\" width=\"1024\" height=\"576\" data-id=\"93\" src=\"http:\/\/imobalmo.pt\/wp-content\/uploads\/2025\/07\/1096-MORADIA-2-03-3-1024x576.jpg\" alt=\"\" class=\"wp-image-93\" srcset=\"https:\/\/imobalmo.pt\/wp-content\/uploads\/2025\/07\/1096-MORADIA-2-03-3-1024x576.jpg 1024w, https:\/\/imobalmo.pt\/wp-content\/uploads\/2025\/07\/1096-MORADIA-2-03-3-300x169.jpg 300w, https:\/\/imobalmo.pt\/wp-content\/uploads\/2025\/07\/1096-MORADIA-2-03-3-768x432.jpg 768w, https:\/\/imobalmo.pt\/wp-content\/uploads\/2025\/07\/1096-MORADIA-2-03-3-1536x864.jpg 1536w, https:\/\/imobalmo.pt\/wp-content\/uploads\/2025\/07\/1096-MORADIA-2-03-3-2048x1152.jpg 2048w\" sizes=\"(max-width: 1024px) 100vw, 1024px\" \/><\/figure>\n\n\n\n<figure class=\"wp-block-image size-large\"><img loading=\"lazy\" decoding=\"async\" width=\"1024\" height=\"576\" data-id=\"86\" src=\"http:\/\/imobalmo.pt\/wp-content\/uploads\/2025\/07\/1096-MORADIA-2-04-1-1024x576.jpg\" alt=\"\" class=\"wp-image-86\" srcset=\"https:\/\/imobalmo.pt\/wp-content\/uploads\/2025\/07\/1096-MORADIA-2-04-1-1024x576.jpg 1024w, https:\/\/imobalmo.pt\/wp-content\/uploads\/2025\/07\/1096-MORADIA-2-04-1-300x169.jpg 300w, https:\/\/imobalmo.pt\/wp-content\/uploads\/2025\/07\/1096-MORADIA-2-04-1-768x432.jpg 768w, https:\/\/imobalmo.pt\/wp-content\/uploads\/2025\/07\/1096-MORADIA-2-04-1-1536x864.jpg 1536w, https:\/\/imobalmo.pt\/wp-content\/uploads\/2025\/07\/1096-MORADIA-2-04-1-2048x1152.jpg 2048w\" sizes=\"(max-width: 1024px) 100vw, 1024px\" \/><\/figure>\n\n\n\n<figure class=\"wp-block-image size-large\"><img loading=\"lazy\" decoding=\"async\" width=\"1024\" height=\"576\" data-id=\"90\" src=\"http:\/\/imobalmo.pt\/wp-content\/uploads\/2025\/07\/1096-MORADIA-2-05-1-1024x576.jpg\" alt=\"\" class=\"wp-image-90\" srcset=\"https:\/\/imobalmo.pt\/wp-content\/uploads\/2025\/07\/1096-MORADIA-2-05-1-1024x576.jpg 1024w, https:\/\/imobalmo.pt\/wp-content\/uploads\/2025\/07\/1096-MORADIA-2-05-1-300x169.jpg 300w, https:\/\/imobalmo.pt\/wp-content\/uploads\/2025\/07\/1096-MORADIA-2-05-1-768x432.jpg 768w, https:\/\/imobalmo.pt\/wp-content\/uploads\/2025\/07\/1096-MORADIA-2-05-1-1536x864.jpg 1536w, https:\/\/imobalmo.pt\/wp-content\/uploads\/2025\/07\/1096-MORADIA-2-05-1-2048x1152.jpg 2048w\" sizes=\"(max-width: 1024px) 100vw, 1024px\" \/><\/figure>\n\n\n\n<figure class=\"wp-block-image size-large\"><img loading=\"lazy\" decoding=\"async\" width=\"1024\" height=\"576\" data-id=\"94\" src=\"http:\/\/imobalmo.pt\/wp-content\/uploads\/2025\/07\/1096-MORADIA-1-02-3-1024x576.jpg\" alt=\"\" class=\"wp-image-94\" srcset=\"https:\/\/imobalmo.pt\/wp-content\/uploads\/2025\/07\/1096-MORADIA-1-02-3-1024x576.jpg 1024w, https:\/\/imobalmo.pt\/wp-content\/uploads\/2025\/07\/1096-MORADIA-1-02-3-300x169.jpg 300w, https:\/\/imobalmo.pt\/wp-content\/uploads\/2025\/07\/1096-MORADIA-1-02-3-768x432.jpg 768w, https:\/\/imobalmo.pt\/wp-content\/uploads\/2025\/07\/1096-MORADIA-1-02-3-1536x864.jpg 1536w, https:\/\/imobalmo.pt\/wp-content\/uploads\/2025\/07\/1096-MORADIA-1-02-3-2048x1152.jpg 2048w\" sizes=\"(max-width: 1024px) 100vw, 1024px\" \/><\/figure>\n\n\n\n<figure class=\"wp-block-image size-large\"><img loading=\"lazy\" decoding=\"async\" width=\"1024\" height=\"576\" data-id=\"87\" src=\"http:\/\/imobalmo.pt\/wp-content\/uploads\/2025\/07\/1096-MORADIAS-02-2-1024x576.jpg\" alt=\"\" class=\"wp-image-87\" srcset=\"https:\/\/imobalmo.pt\/wp-content\/uploads\/2025\/07\/1096-MORADIAS-02-2-1024x576.jpg 1024w, https:\/\/imobalmo.pt\/wp-content\/uploads\/2025\/07\/1096-MORADIAS-02-2-300x169.jpg 300w, https:\/\/imobalmo.pt\/wp-content\/uploads\/2025\/07\/1096-MORADIAS-02-2-768x432.jpg 768w, https:\/\/imobalmo.pt\/wp-content\/uploads\/2025\/07\/1096-MORADIAS-02-2-1536x864.jpg 1536w, https:\/\/imobalmo.pt\/wp-content\/uploads\/2025\/07\/1096-MORADIAS-02-2-2048x1152.jpg 2048w\" sizes=\"(max-width: 1024px) 100vw, 1024px\" \/><\/figure>\n<\/figure>\n\n\n\n<p style=\"font-size:13px\">\u00c1rea do terreno 554 m\u00b2<br>\u00c1rea de implanta\u00e7\u00e3o da moradia: 209,45 m\u00b2<br><br>&#8211; Tipologia T3 com Su\u00edte e Closet<br>&#8211; Cozinha e Sala em Open Space com Cozinha Equipada<br>&#8211; Garagem para 2 carros<br>&#8211; Lavandaria e Zona T\u00e9cnica<br>&#8211; Loi\u00e7as Cer\u00e2micas Suspensas<br>&#8211; Carpintarias Interiores<br>&#8211; Caixilharia PVC<br>&#8211; Pr\u00e9-Instala\u00e7\u00e3o C\u00e2maras Vigil\u00e2ncia<br>&#8211; Pr\u00e9-Instala\u00e7\u00e3o Pain\u00e9is Fotovoltaicos<br>&#8211; Pr\u00e9-Instala\u00e7\u00e3o Ar Condicionado<br>&#8211; Videoporteiro<br>&#8211; Estores El\u00e9tricos<br>&#8211; Bomba de Calor<br>&#8211; Ventila\u00e7\u00e3o Mec\u00e2nica Controlada<br>&#8211; Harmonia com a Natureza e Boa Exposi\u00e7\u00e3o Solar<br><\/p>\n\n\n\n<p>Localiza\u00e7\u00e3o<br>Rua do Monte do Castelo &#8211; Estor\u00e3os<\/p>\n\n\n\n<p style=\"font-size:13px\">4 minutos do Centro Escolar das Lagos de Bertiandos<br>4 minutos da Auto Estrada A27 que liga Estor\u00e3os \u00e1s principais regi\u00f5es, Ponte de Lima, Ponte da Barca, Arcos de Valdevez, Viana do Castelo, Porto.<br>10 minutos de Ponte de Lima<br>15 minutos de Viana do Castelo<br>45 minutos Aeroporto Francisco S\u00e1 Carneiro<\/p>\n\n\n\n<p><\/p>\n","protected":false},"excerpt":{"rendered":"<p>Apresentamos-lhe esta elegante moradia T3 de r\u00e9s do ch\u00e3o, inserida num ambiente tranquilo e rodeado pela serenidade da natureza \u2014 o equil\u00edbrio perfeito entre conforto moderno e qualidade de vida. Com uma arquitetura contempor\u00e2nea e linhas limpas, esta casa foi pensada para oferecer funcionalidade, luminosidade e liga\u00e7\u00e3o ao exterior, privilegiando a viv\u00eancia dos espa\u00e7os de [&hellip;]<\/p>\n","protected":false},"author":1,"featured_media":0,"parent":17,"menu_order":0,"comment_status":"closed","ping_status":"closed","template":"","meta":{"footnotes":""},"class_list":["post-84","page","type-page","status-publish","hentry"],"_links":{"self":[{"href":"https:\/\/imobalmo.pt\/index.php?rest_route=\/wp\/v2\/pages\/84","targetHints":{"allow":["GET"]}}],"collection":[{"href":"https:\/\/imobalmo.pt\/index.php?rest_route=\/wp\/v2\/pages"}],"about":[{"href":"https:\/\/imobalmo.pt\/index.php?rest_route=\/wp\/v2\/types\/page"}],"author":[{"embeddable":true,"href":"https:\/\/imobalmo.pt\/index.php?rest_route=\/wp\/v2\/users\/1"}],"replies":[{"embeddable":true,"href":"https:\/\/imobalmo.pt\/index.php?rest_route=%2Fwp%2Fv2%2Fcomments&post=84"}],"version-history":[{"count":3,"href":"https:\/\/imobalmo.pt\/index.php?rest_route=\/wp\/v2\/pages\/84\/revisions"}],"predecessor-version":[{"id":130,"href":"https:\/\/imobalmo.pt\/index.php?rest_route=\/wp\/v2\/pages\/84\/revisions\/130"}],"up":[{"embeddable":true,"href":"https:\/\/imobalmo.pt\/index.php?rest_route=\/wp\/v2\/pages\/17"}],"wp:attachment":[{"href":"https:\/\/imobalmo.pt\/index.php?rest_route=%2Fwp%2Fv2%2Fmedia&parent=84"}],"curies":[{"name":"wp","href":"https:\/\/api.w.org\/{rel}","templated":true}]}}