{"id":15,"date":"2025-07-20T16:28:23","date_gmt":"2025-07-20T16:28:23","guid":{"rendered":"http:\/\/imobalmo.pt\/?page_id=15"},"modified":"2025-07-20T22:48:10","modified_gmt":"2025-07-20T22:48:10","slug":"sobre-nos","status":"publish","type":"page","link":"https:\/\/imobalmo.pt\/?page_id=15","title":{"rendered":"Sobre N\u00f3s"},"content":{"rendered":"\n<p>A Balmo Investimentos \u00e9 uma promotora imobili\u00e1ria sediada na zona Norte de Portugal, especializada na constru\u00e7\u00e3o de habita\u00e7\u00f5es modernas, concebidas com elevado rigor t\u00e9cnico e aten\u00e7\u00e3o ao detalhe.<\/p>\n\n\n\n<p>Com uma abordagem assente na efici\u00eancia construtiva e na valoriza\u00e7\u00e3o dos pormenores arquitet\u00f3nicos, desenvolvemos projetos que aliam design contempor\u00e2neo, conforto e funcionalidade, sempre com o objetivo de proporcionar aos nossos clientes casas pensadas para viver, e, n\u00e3o apenas para habitar.<\/p>\n\n\n\n<p>Na Balmo Investimentos, acompanhamos cada fase do processo: desde a escolha do terreno at\u00e9 \u00e0 entrega final da casa. A nossa equipa multidisciplinar garante um controlo de qualidade exigente e uma execu\u00e7\u00e3o cuidada, assegurando solu\u00e7\u00f5es de habita\u00e7\u00e3o que se distinguem no mercado pela sua qualidade e identidade \u00fanica.<\/p>\n\n\n\n<p>Mais do que construir casas, criamos espa\u00e7os que refletem a forma de viver de quem os escolhe. <br><br>Se procura um novo lar com qualidade, confian\u00e7a e est\u00e9tica moderna, venha conhecer os nossos projetos.<\/p>\n","protected":false},"excerpt":{"rendered":"<p>A Balmo Investimentos \u00e9 uma promotora imobili\u00e1ria sediada na zona Norte de Portugal, especializada na constru\u00e7\u00e3o de habita\u00e7\u00f5es modernas, concebidas com elevado rigor t\u00e9cnico e aten\u00e7\u00e3o ao detalhe. Com uma abordagem assente na efici\u00eancia construtiva e na valoriza\u00e7\u00e3o dos pormenores arquitet\u00f3nicos, desenvolvemos projetos que aliam design contempor\u00e2neo, conforto e funcionalidade, sempre com o objetivo de [&hellip;]<\/p>\n","protected":false},"author":1,"featured_media":0,"parent":0,"menu_order":0,"comment_status":"closed","ping_status":"closed","template":"","meta":{"footnotes":""},"class_list":["post-15","page","type-page","status-publish","hentry"],"_links":{"self":[{"href":"https:\/\/imobalmo.pt\/index.php?rest_route=\/wp\/v2\/pages\/15","targetHints":{"allow":["GET"]}}],"collection":[{"href":"https:\/\/imobalmo.pt\/index.php?rest_route=\/wp\/v2\/pages"}],"about":[{"href":"https:\/\/imobalmo.pt\/index.php?rest_route=\/wp\/v2\/types\/page"}],"author":[{"embeddable":true,"href":"https:\/\/imobalmo.pt\/index.php?rest_route=\/wp\/v2\/users\/1"}],"replies":[{"embeddable":true,"href":"https:\/\/imobalmo.pt\/index.php?rest_route=%2Fwp%2Fv2%2Fcomments&post=15"}],"version-history":[{"count":2,"href":"https:\/\/imobalmo.pt\/index.php?rest_route=\/wp\/v2\/pages\/15\/revisions"}],"predecessor-version":[{"id":124,"href":"https:\/\/imobalmo.pt\/index.php?rest_route=\/wp\/v2\/pages\/15\/revisions\/124"}],"wp:attachment":[{"href":"https:\/\/imobalmo.pt\/index.php?rest_route=%2Fwp%2Fv2%2Fmedia&parent=15"}],"curies":[{"name":"wp","href":"https:\/\/api.w.org\/{rel}","templated":true}]}}